{"id":309,"date":"2021-11-18T11:04:51","date_gmt":"2021-11-18T11:04:51","guid":{"rendered":"https:\/\/nachoanadonveterinaris.es\/politica-de-privacidad\/"},"modified":"2021-11-18T11:04:51","modified_gmt":"2021-11-18T11:04:51","slug":"politica-de-privacidad","status":"publish","type":"page","link":"https:\/\/nachoanadonveterinaris.es\/es\/politica-de-privacidad\/","title":{"rendered":"Pol\u00edtica de privacidad"},"content":{"rendered":"<p>Su privacidad es importante para nosotros, as\u00ed que mediante esta pol\u00edtica le explicamos qu\u00e9 datos recopilamos de los usuarios, c\u00f3mo los utilizamos y para qu\u00e9, entre otras indicaciones.<\/p>\n<p>Para su informaci\u00f3n, nunca solicitaremos m\u00e1s informaci\u00f3n de la que realmente necesitaremos para los servicios requeridos; nunca la compartiremos con terceros, excepto por obligaci\u00f3n legal o con su autorizaci\u00f3n previa; y nunca utilizaremos sus datos para otra finalidad no indicada previamente.<\/p>\n<p>Como usuario, deber\u00e1 leer atentamente esta <a href=\"https:\/\/nachoanadonveterinaris.es\/es\/politica-de-privacidad\/\" target=\"_blank\" rel=\"noopener\">Pol\u00edtica de privacidad<\/a> de manera regular, y siempre que introduzca sus datos personales, ya que este documento puede sufrir modificaciones pues el prestador puede modificar cualquier tipo de informaci\u00f3n que pudiera aparecer en la web para cumplir con la normativa o actualizar la pol\u00edtica, y sin que exista la obligaci\u00f3n de preavisar o poner en conocimiento de los usuarios estas obligaciones, siendo suficientes la publicaci\u00f3n en el sitio web del prestador.<\/p>\n<p><strong>RESPONSABLE DEL TRATAMIENTO:<\/strong><\/p>\n<p>Identidad: <strong>Nacho Anadon Veterinaris, S.L. <\/strong>\u00a0(tambi\u00e9n el prestador)<\/p>\n<p>NIF: B25820507<\/p>\n<p>Direcci\u00f3n postal: Passeig de Ronda, 156 &#8211; 25008 Lleida<\/p>\n<p>Correo electr\u00f3nico: nachoanadonveterinaris@gmail.com<\/p>\n<p>Nacho Anadon Veterinaris, S.L. , como responsable del Sitio web, de conformidad con lo que dispone el Reglamento (UE) 2016\/679 de 27 de abril de 2016 (RGPD) relativo a la protecci\u00f3n de las personas f\u00edsicas en cuanto al tratamiento de datos personales y a la libre circulaci\u00f3n de estos datos y dem\u00e1s normativa vigente en materia de protecci\u00f3n de datos personales, y por la Ley 34\/2002, de 11 de julio, de Servicios de la Sociedad de la Informaci\u00f3n y del Comercio Electr\u00f3nico (LSSICE), le informa de que tiene implementadas las medidas de seguridad necesarias, de \u00edndole t\u00e9cnica y organizativas, para garantizar y proteger la confidencialidad, integridad y disponibilidad de los datos introducidos.<\/p>\n<p><strong>M\u00c9TODO DE OBTENCI\u00d3N DE LOS DATOS y QU\u00c9 DATOS RECABAMOS:<\/strong><\/p>\n<p>Los datos que recogemos y la forma en que los obtenemos es la siguiente:<\/p>\n<ul>\n<li>a trav\u00e9s del formulario de contacto: nombre, mail<\/li>\n<\/ul>\n<p>&nbsp;<\/p>\n<p>No se tratan categor\u00edas de datos especialmente protegidos.<\/p>\n<p><strong>FINALIDAD DEL TRATAMIENTO:<\/strong><\/p>\n<p>Sus datos personales s\u00f3lo se utilizar\u00e1n para las siguientes finalidades, prestando su consentimiento para cada una de las finalidades en el apartado correspondiente de la web:<\/p>\n<ul>\n<li><strong>formulario de contacto:<\/strong> para responder a las consultas y\/o proporcionar informaciones requeridas por el Usuario;<\/li>\n<\/ul>\n<p>Puede revocar en cualquier momento su consentimiento remitiendo un escrito con el asunto \u201cBaja\u201d a nachoanadonveterinaris@gmail.com<\/p>\n<p>De acuerdo con la LSSICE, <strong>Nacho Anadon Veterinaris, S.L. <\/strong>\u00a0no realiza pr\u00e1cticas de SPAM, por lo tanto, no env\u00eda correos comerciales por e-mail que no hayan sido previamente solicitados o autorizados por el Usuario. En consecuencia, en todas las comunicaciones que recibir\u00e1 del prestador, el usuario tiene la posibilidad de cancelar su consentimiento expreso para recibir nuestras comunicaciones.<\/p>\n<p>No trataremos sus datos personales para ninguna otra finalidad de las descritas salvo por obligaci\u00f3n legal o requerimiento judicial.<\/p>\n<p>No ser\u00e1 objeto de decisiones basadas en tratamientos automatizados que produzcan efectos sobre sus datos.<\/p>\n<p><strong>LEGITIMACI\u00d3N DEL TRATAMIENTO<\/strong><\/p>\n<p>La base legal para el tratamiento de los datos es su <strong>consentimiento<\/strong> otorgado en el momento de dar sus datos en el formulario correspondiente para llevar a cabo las finalidades, en el momento de marcado de la casilla de verificaci\u00f3n. El no facilitar los datos personales solicitados o el no aceptar la presente <a href=\"https:\/\/nachoanadonveterinaris.es\/es\/politica-de-privacidad\/\" target=\"_blank\" rel=\"noopener\">pol\u00edtica de privacidad<\/a> supone la imposibilidad de conseguir las finalidades anteriormente descritas.<\/p>\n<p>En los casos en que exista una relaci\u00f3n contractual entre las partes, la legitimaci\u00f3n para el desarrollo de las obligaciones derivadas de la misma ser\u00e1 la <strong>existencia de la relaci\u00f3n comercial<\/strong> establecida entre las partes.<\/p>\n<p>La oferta prospectiva o comercial de productos y servicios est\u00e1 basada en el consentimiento que se le solicita, sin que en ning\u00fan caso la retirada de este consentimiento condicione la ejecuci\u00f3n del contrato de suscripci\u00f3n.<\/p>\n<p><strong>PLAZO DE CONSERVACI\u00d3N DE LOS DATOS:<\/strong><\/p>\n<p>Sus datos se conservar\u00e1n mientras dure la relaci\u00f3n comercial con nosotros o ejercite su derecho de cancelaci\u00f3n u oposici\u00f3n, o limitaci\u00f3n al tratamiento. Asimismo, conservaremos sus datos durante los plazos legalmente previstos en las disposiciones aplicables.<\/p>\n<p><strong>DESTINATARIOS DE CESIONES O TRANSFERENCIAS<\/strong><\/p>\n<p><strong>Nacho Anadon Veterinaris, S.L. <\/strong>\u00a0no lleva a cabo ninguna cesi\u00f3n o comunicaci\u00f3n de datos ni dentro ni fuera de la UE. El prestador \u00fanicamente facilitar\u00e1 informaci\u00f3n a las fuerzas y cuerpos de seguridad bajo orden judicial o por obligaci\u00f3n de una norma legal, sin perjuicio de poder bloquear o cancelar su cuenta si puede haber indicios de la comisi\u00f3n de alg\u00fan delito por parte del usuario. La informaci\u00f3n facilitada ser\u00e1 solamente la que disponga en este momento el prestador.<\/p>\n<p><strong>Hosting:<\/strong> para realizar los servicios de alojamiento de la web, Nacho Anadon Veterinaris, S.L.\u00a0 tiene contratado los servicios en HARDNET SYSTEMS INFORMATICA PROFESIONAL SLU con domicilio en c\/Bar\u00f3 de Maials, 11 &#8211; Lleida.<\/p>\n<p><strong>DERECHOS DE LAS PERSONAS INTERESADAS<\/strong><\/p>\n<p>Como usuario-interesado, puede solicitar el ejercicio de los siguientes derechos ante <strong>Nacho Anadon Veterinaris, S.L. <\/strong>\u00a0presentando un escrito a la direcci\u00f3n postal del encabezamiento o enviando un correo electr\u00f3nico a<strong> nachoanadonveterinaris@gmail.com<\/strong>, indicando como Asunto: \u201cPROTECCION DE DATOS: DERECHOS DE LOS AFECTADOS\u201d, y adjuntando fotocopia de su DNI o cualquier medio an\u00e1logo en derecho, tal y como indica la ley.<\/p>\n<p><strong>Derechos:<\/strong><\/p>\n<ul>\n<li><strong>Derecho de acceso:<\/strong> permite al interesado conocer y obtener informaci\u00f3n sobre sus datos de car\u00e1cter personal sometidos a tratamiento.<\/li>\n<li><strong>Derecho de rectificaci\u00f3n o supresi\u00f3n:<\/strong> permite corregir errores y modificar los datos que resulten ser inexactos o incompletos.<\/li>\n<li><strong>Derecho de cancelaci\u00f3n:<\/strong> permite que se supriman los datos que resulten ser inadecuados o excesivos.<\/li>\n<li><strong>Derecho de oposici\u00f3n:<\/strong> derecho del interesado a que no se lleve a cabo el tratamiento de sus datos de car\u00e1cter personal o se cese en el mismo.<\/li>\n<li><strong>Limitaci\u00f3n del tratamiento:<\/strong> conlleva el marcado de los datos personales conservados, con la finalidad de limitar su futuro tratamiento, para el ejercicio o la defensa de reclamaciones.<\/li>\n<li><strong>Portabilidad de los datos:<\/strong> facilitaci\u00f3n de los datos objeto de tratamiento al interesado, a fin de que \u00e9ste pueda transmitirlos a otro responsable, sin impedimentos.<\/li>\n<li><strong>Derecho a no ser objeto de decisiones individuales automatizadas<\/strong> (incluida la elaboraci\u00f3n de perfiles): derecho a no ser objeto de una decisi\u00f3n basada en el tratamiento automatizado que produzca efectos o afecte significativamente.<\/li>\n<\/ul>\n<p>Como usuario, tiene derecho a retirar el consentimiento prestado en cualquier momento. La retirada del consentimiento no afectar\u00e1 a la licitud del tratamiento efectuado antes de la retirada del consentimiento.<\/p>\n<p>Tambi\u00e9n tiene derecho a presentar una reclamaci\u00f3n ante la autoridad de control si considera que pueden haberse visto vulnerados sus derechos con relaci\u00f3n a la protecci\u00f3n de sus datos (aepd.es).<\/p>\n<p><strong>INFORMACI\u00d3N ADICIONAL<\/strong><\/p>\n<p><strong>MEDIDAS DE SEGURIDAD:<\/strong><\/p>\n<p>Los datos que nos facilite se tratar\u00e1n de forma confidencial. El Prestador ha adoptado todas las medidas t\u00e9cnicas y organizativas y todos los niveles de protecci\u00f3n necesarios para garantizar la seguridad en el tratamiento de los datos y evitar su alteraci\u00f3n, p\u00e9rdida, robo, tratamiento o acceso no autorizado, de acuerdo el estado de la tecnolog\u00eda y naturaleza de los datos almacenados. As\u00ed mismo, se garantiza tambi\u00e9n que el tratamiento y registro en ficheros, programas, sistemas o equipos, locales y centros cumplen con los requisitos y condiciones de integridad y seguridad establecidas en la normativa vigente.<\/p>\n<p><strong>IDIOMA<\/strong><\/p>\n<p>El idioma aplicable a esta <a href=\"https:\/\/nachoanadonveterinaris.es\/es\/politica-de-privacidad\/\" target=\"_blank\" rel=\"noopener\">Pol\u00edtica de Privacidad<\/a> es el espa\u00f1ol. Por tanto, en caso de que hubiera alguna contradicci\u00f3n en alguna de las versiones facilitadas en otros idiomas, prevalecer\u00e1 la versi\u00f3n en espa\u00f1ol.<\/p>\n<p><strong>MENORES DE EDAD<\/strong><\/p>\n<p>En el caso de los menores de catorce a\u00f1os se requiere el consentimiento de los padres o tutores para el tratamiento de sus datos personales.<\/p>\n<p>En ning\u00fan caso se pedir\u00e1n del menor de edad datos relativos a la situaci\u00f3n profesional, econ\u00f3mica o en la intimidad de los dem\u00e1s miembros de la familia, sin el consentimiento de \u00e9stos.<\/p>\n<p>Si eres menor de catorce\u00a0 a\u00f1os y has accedido a este sitio web sin avisar a tus padres no debes registrarte ni darnos tus datos ni la de tus tutores.<\/p>\n<p><strong>\u00a0<\/strong><\/p>\n<p><strong>REDES SOCIALES<\/strong><\/p>\n<p>Le informamos que <strong>Nacho Anadon Veterinaris, S.L. <\/strong>\u00a0puede tener presencia en redes sociales. El tratamiento de los datos que se lleve a cabo de las personas que se hagan seguidoras en las redes sociales (y\/o realicen cualquier v\u00ednculo o acci\u00f3n de conexi\u00f3n a trav\u00e9s de las redes sociales) de las p\u00e1ginas oficiales de <strong>Nacho Anadon Veterinaris, S.L. <\/strong>\u00a0se regir\u00e1 por este apartado, as\u00ed como por aquellas condiciones de uso, pol\u00edticas de privacidad y normativas de acceso que pertenezcan a la red social que proceda en cada caso y aceptadas previamente por el usuario.<\/p>\n<p><strong>Nacho Anadon Veterinaris, S.L. <\/strong>\u00a0tratar\u00e1 sus datos con las finalidades de administrar correctamente su presencia en la red social, inform\u00e1ndole de actividades, productos o servicios del prestador, as\u00ed como para cualquier otra finalidad que las normativas de las Redes Sociales permitan.<\/p>\n<p>Queda prohibida la publicaci\u00f3n de contenidos:<\/p>\n<ul>\n<li>Que sean presuntamente il\u00edcitos por la normativa nacional, comunitaria o internacional o que realicen actividades presuntamente il\u00edcitas o contravengan los principios de la buena fe.<\/li>\n<li>Que atenten contra los derechos fundamentales de las personas, falten a la cortes\u00eda en la red, molesten o puedan generar opiniones negativas en nuestros usuarios o terceros y en general cualesquiera sean los contenidos que <strong>Nacho Anadon Veterinaris, S.L. <\/strong>considere inapropiados.<\/li>\n<li>Y en general que contravengan los principios de legalidad, honradez, responsabilidad, protecci\u00f3n de la dignidad humana, protecci\u00f3n de menores, protecci\u00f3n del orden p\u00fablico, la protecci\u00f3n de la vida privada, la protecci\u00f3n del consumidor y los derechos de propiedad intelectual e industrial.<\/li>\n<\/ul>\n<p>Asimismo, <strong>Nacho Anadon Veterinaris, S.L. <\/strong>\u00a0se reserva la potestad de retirar, sin previo aviso del sitio web o de la red social corporativa aquellos contenidos que se consideren inapropiados.<\/p>\n<p>En todo caso, si Vd. remite informaci\u00f3n personal a trav\u00e9s de la red social, <strong>Nacho Anadon Veterinaris, S.L. <\/strong>\u00a0quedar\u00e1 exento de responsabilidad en relaci\u00f3n con las medidas de seguridad aplicables a la presente plataforma, debiendo el usuario en caso de querer conocerlas, consultar las correspondientes condiciones particulares de la red en cuesti\u00f3n.<\/p>\n<p><strong>CAMBIOS EN LA PRESENTE <a href=\"https:\/\/nachoanadonveterinaris.es\/es\/politica-de-privacidad\/\" target=\"_blank\" rel=\"noopener\">POL\u00cdTICA DE PRIVACIDAD<\/a><\/strong><\/p>\n<p><strong>Nacho Anadon Veterinaris, S.L. <\/strong>\u00a0se reserva el derecho a modificar la presente pol\u00edtica para adaptarla a novedades legislativas o jurisprudenciales.<\/p>\n<p><strong>REVOCABILIDAD<\/strong><\/p>\n<p>El consentimiento prestado, tanto para el tratamiento como para la cesi\u00f3n de los datos de los interesados, es revocable en cualquier momento comunic\u00e1ndolo a <strong>Nacho Anadon Veterinaris, S.L. <\/strong>\u00a0en los t\u00e9rminos establecidos en esta Pol\u00edtica para el ejercicio de los derechos. Esta revocaci\u00f3n en ning\u00fan caso tendr\u00e1 car\u00e1cter retroactivo.<\/p>\n<p><strong>LEGISLACI\u00d3N<\/strong><\/p>\n<p>A todos los efectos las relaciones entre <strong>Nacho Anadon Veterinaris, S.L. <\/strong>\u00a0con los Usuarios de sus servicios telem\u00e1ticos, presentes en esta Web, est\u00e1n sometidos a la legislaci\u00f3n y jurisdicci\u00f3n espa\u00f1ola a la que se someten expresamente las partes, siendo competentes por la resoluci\u00f3n de todos los conflictos derivados o relacionados con su uso los Juzgados y Tribunales de Lleida.<\/p>\n","protected":false},"excerpt":{"rendered":"<p>Su privacidad es importante para nosotros, as\u00ed que mediante esta pol\u00edtica le explicamos qu\u00e9 datos recopilamos de los usuarios, c\u00f3mo los utilizamos y para qu\u00e9, entre otras indicaciones. Para su informaci\u00f3n, nunca solicitaremos m\u00e1s informaci\u00f3n de la que realmente necesitaremos para los servicios requeridos; nunca la compartiremos con terceros, excepto por obligaci\u00f3n legal o con [&hellip;]<\/p>\n","protected":false},"author":1,"featured_media":0,"parent":0,"menu_order":0,"comment_status":"closed","ping_status":"closed","template":"","meta":{"_et_pb_use_builder":"","_et_pb_old_content":"","_et_gb_content_width":""},"yoast_head":"<!-- This site is optimized with the Yoast SEO plugin v17.5 - https:\/\/yoast.com\/wordpress\/plugins\/seo\/ -->\n<title>Pol\u00edtica de privacidad - Nacho Anadon<\/title>\n<meta name=\"robots\" content=\"index, follow, max-snippet:-1, max-image-preview:large, max-video-preview:-1\" \/>\n<link rel=\"canonical\" href=\"https:\/\/nachoanadonveterinaris.es\/es\/politica-de-privacidad\/\" \/>\n<meta property=\"og:locale\" content=\"es_ES\" \/>\n<meta property=\"og:type\" content=\"article\" \/>\n<meta property=\"og:title\" content=\"Pol\u00edtica de privacidad - Nacho Anadon\" \/>\n<meta property=\"og:description\" content=\"Su privacidad es importante para nosotros, as\u00ed que mediante esta pol\u00edtica le explicamos qu\u00e9 datos recopilamos de los usuarios, c\u00f3mo los utilizamos y para qu\u00e9, entre otras indicaciones. Para su informaci\u00f3n, nunca solicitaremos m\u00e1s informaci\u00f3n de la que realmente necesitaremos para los servicios requeridos; nunca la compartiremos con terceros, excepto por obligaci\u00f3n legal o con [&hellip;]\" \/>\n<meta property=\"og:url\" content=\"https:\/\/nachoanadonveterinaris.es\/es\/politica-de-privacidad\/\" \/>\n<meta property=\"og:site_name\" content=\"Nacho Anadon\" \/>\n<meta name=\"twitter:card\" content=\"summary_large_image\" \/>\n<meta name=\"twitter:label1\" content=\"Tiempo de lectura\" \/>\n\t<meta name=\"twitter:data1\" content=\"9 minutos\" \/>\n<script type=\"application\/ld+json\" class=\"yoast-schema-graph\">{\"@context\":\"https:\/\/schema.org\",\"@graph\":[{\"@type\":\"WebSite\",\"@id\":\"https:\/\/nachoanadonveterinaris.es\/#website\",\"url\":\"https:\/\/nachoanadonveterinaris.es\/\",\"name\":\"Nacho Anadon\",\"description\":\"Veterinaris\",\"potentialAction\":[{\"@type\":\"SearchAction\",\"target\":{\"@type\":\"EntryPoint\",\"urlTemplate\":\"https:\/\/nachoanadonveterinaris.es\/?s={search_term_string}\"},\"query-input\":\"required name=search_term_string\"}],\"inLanguage\":\"es\"},{\"@type\":\"WebPage\",\"@id\":\"https:\/\/nachoanadonveterinaris.es\/es\/politica-de-privacidad\/#webpage\",\"url\":\"https:\/\/nachoanadonveterinaris.es\/es\/politica-de-privacidad\/\",\"name\":\"Pol\\u00edtica de privacidad - Nacho Anadon\",\"isPartOf\":{\"@id\":\"https:\/\/nachoanadonveterinaris.es\/#website\"},\"datePublished\":\"2021-11-18T11:04:51+00:00\",\"dateModified\":\"2021-11-18T11:04:51+00:00\",\"breadcrumb\":{\"@id\":\"https:\/\/nachoanadonveterinaris.es\/es\/politica-de-privacidad\/#breadcrumb\"},\"inLanguage\":\"es\",\"potentialAction\":[{\"@type\":\"ReadAction\",\"target\":[\"https:\/\/nachoanadonveterinaris.es\/es\/politica-de-privacidad\/\"]}]},{\"@type\":\"BreadcrumbList\",\"@id\":\"https:\/\/nachoanadonveterinaris.es\/es\/politica-de-privacidad\/#breadcrumb\",\"itemListElement\":[{\"@type\":\"ListItem\",\"position\":1,\"name\":\"Inici\",\"item\":\"https:\/\/nachoanadonveterinaris.es\/es\/\"},{\"@type\":\"ListItem\",\"position\":2,\"name\":\"Pol\\u00edtica de privacidad\"}]}]}<\/script>\n<!-- \/ Yoast SEO plugin. -->","yoast_head_json":{"title":"Pol\u00edtica de privacidad - Nacho Anadon","robots":{"index":"index","follow":"follow","max-snippet":"max-snippet:-1","max-image-preview":"max-image-preview:large","max-video-preview":"max-video-preview:-1"},"canonical":"https:\/\/nachoanadonveterinaris.es\/es\/politica-de-privacidad\/","og_locale":"es_ES","og_type":"article","og_title":"Pol\u00edtica de privacidad - Nacho Anadon","og_description":"Su privacidad es importante para nosotros, as\u00ed que mediante esta pol\u00edtica le explicamos qu\u00e9 datos recopilamos de los usuarios, c\u00f3mo los utilizamos y para qu\u00e9, entre otras indicaciones. Para su informaci\u00f3n, nunca solicitaremos m\u00e1s informaci\u00f3n de la que realmente necesitaremos para los servicios requeridos; nunca la compartiremos con terceros, excepto por obligaci\u00f3n legal o con [&hellip;]","og_url":"https:\/\/nachoanadonveterinaris.es\/es\/politica-de-privacidad\/","og_site_name":"Nacho Anadon","twitter_card":"summary_large_image","twitter_misc":{"Tiempo de lectura":"9 minutos"},"schema":{"@context":"https:\/\/schema.org","@graph":[{"@type":"WebSite","@id":"https:\/\/nachoanadonveterinaris.es\/#website","url":"https:\/\/nachoanadonveterinaris.es\/","name":"Nacho Anadon","description":"Veterinaris","potentialAction":[{"@type":"SearchAction","target":{"@type":"EntryPoint","urlTemplate":"https:\/\/nachoanadonveterinaris.es\/?s={search_term_string}"},"query-input":"required name=search_term_string"}],"inLanguage":"es"},{"@type":"WebPage","@id":"https:\/\/nachoanadonveterinaris.es\/es\/politica-de-privacidad\/#webpage","url":"https:\/\/nachoanadonveterinaris.es\/es\/politica-de-privacidad\/","name":"Pol\u00edtica de privacidad - Nacho Anadon","isPartOf":{"@id":"https:\/\/nachoanadonveterinaris.es\/#website"},"datePublished":"2021-11-18T11:04:51+00:00","dateModified":"2021-11-18T11:04:51+00:00","breadcrumb":{"@id":"https:\/\/nachoanadonveterinaris.es\/es\/politica-de-privacidad\/#breadcrumb"},"inLanguage":"es","potentialAction":[{"@type":"ReadAction","target":["https:\/\/nachoanadonveterinaris.es\/es\/politica-de-privacidad\/"]}]},{"@type":"BreadcrumbList","@id":"https:\/\/nachoanadonveterinaris.es\/es\/politica-de-privacidad\/#breadcrumb","itemListElement":[{"@type":"ListItem","position":1,"name":"Inici","item":"https:\/\/nachoanadonveterinaris.es\/es\/"},{"@type":"ListItem","position":2,"name":"Pol\u00edtica de privacidad"}]}]}},"_links":{"self":[{"href":"https:\/\/nachoanadonveterinaris.es\/es\/wp-json\/wp\/v2\/pages\/309"}],"collection":[{"href":"https:\/\/nachoanadonveterinaris.es\/es\/wp-json\/wp\/v2\/pages"}],"about":[{"href":"https:\/\/nachoanadonveterinaris.es\/es\/wp-json\/wp\/v2\/types\/page"}],"author":[{"embeddable":true,"href":"https:\/\/nachoanadonveterinaris.es\/es\/wp-json\/wp\/v2\/users\/1"}],"replies":[{"embeddable":true,"href":"https:\/\/nachoanadonveterinaris.es\/es\/wp-json\/wp\/v2\/comments?post=309"}],"version-history":[{"count":0,"href":"https:\/\/nachoanadonveterinaris.es\/es\/wp-json\/wp\/v2\/pages\/309\/revisions"}],"wp:attachment":[{"href":"https:\/\/nachoanadonveterinaris.es\/es\/wp-json\/wp\/v2\/media?parent=309"}],"curies":[{"name":"wp","href":"https:\/\/api.w.org\/{rel}","templated":true}]}}