{"id":305,"date":"2021-11-18T10:55:54","date_gmt":"2021-11-18T10:55:54","guid":{"rendered":"https:\/\/nachoanadonveterinaris.es\/equipo\/"},"modified":"2024-07-01T16:14:44","modified_gmt":"2024-07-01T16:14:44","slug":"equipo","status":"publish","type":"page","link":"https:\/\/nachoanadonveterinaris.es\/es\/equipo\/","title":{"rendered":"Equipo"},"content":{"rendered":"<p>[et_pb_section fb_built=\u00bb1&#8243; custom_padding_last_edited=\u00bboff|tablet\u00bb module_class=\u00bbfondo-fijo\u00bb _builder_version=\u00bb4.12.1&#8243; _module_preset=\u00bbdefault\u00bb background_color=\u00bbrgba(33,94,91,0.94)\u00bb background_image=\u00bbhttps:\/\/nachoanadonveterinaris.es\/wp-content\/uploads\/2021\/11\/gettyimages-946072314-170667a.jpeg\u00bb background_position=\u00bbtop_center\u00bb background_blend=\u00bbsoft-light\u00bb custom_padding=\u00bb22px||55px||false|false\u00bb custom_padding_tablet=\u00bb||0px||false|false\u00bb custom_padding_phone=\u00bb22px||0px||false|false\u00bb global_colors_info=\u00bb{}\u00bb][et_pb_row column_structure=\u00bb1_2,1_2&#8243; make_equal=\u00bbon\u00bb _builder_version=\u00bb4.12.1&#8243; _module_preset=\u00bbdefault\u00bb transform_scale_last_edited=\u00bboff|desktop\u00bb transform_scale_linked=\u00bboff\u00bb transform_translate_tablet=\u00bb0%|0px\u00bb transform_translate_phone=\u00bb0%|0px\u00bb transform_translate_last_edited=\u00bboff|desktop\u00bb transform_translate_linked=\u00bboff\u00bb transform_rotate_last_edited=\u00bboff|desktop\u00bb transform_skew_last_edited=\u00bboff|desktop\u00bb transform_origin_last_edited=\u00bboff|desktop\u00bb transform_styles_last_edited=\u00bboff|desktop\u00bb custom_padding=\u00bb||0px||false|false\u00bb global_colors_info=\u00bb{}\u00bb][et_pb_column type=\u00bb1_2&#8243; _builder_version=\u00bb4.12.1&#8243; _module_preset=\u00bbdefault\u00bb global_colors_info=\u00bb{}\u00bb][et_pb_post_title meta=\u00bboff\u00bb featured_image=\u00bboff\u00bb _builder_version=\u00bb4.12.1&#8243; _module_preset=\u00bbdefault\u00bb title_font=\u00bbFutura||||||||\u00bb title_text_color=\u00bb#FFFFFF\u00bb title_font_size=\u00bb3rem\u00bb title_font_size_tablet=\u00bb3rem\u00bb title_font_size_phone=\u00bb2rem\u00bb title_font_size_last_edited=\u00bbon|desktop\u00bb global_colors_info=\u00bb{}\u00bb][\/et_pb_post_title][et_pb_image src=\u00bb@ET-DC@eyJkeW5hbWljIjp0cnVlLCJjb250ZW50IjoicG9zdF9mZWF0dXJlZF9pbWFnZSIsInNldHRpbmdzIjp7fX0=@\u00bb _builder_version=\u00bb4.12.1&#8243; _dynamic_attributes=\u00bbsrc\u00bb _module_preset=\u00bbdefault\u00bb module_alignment=\u00bbcenter\u00bb max_height=\u00bb400px\u00bb custom_margin=\u00bb||-50px||false|false\u00bb border_radii=\u00bbon|20px|20px|20px|20px\u00bb global_colors_info=\u00bb{}\u00bb][\/et_pb_image][\/et_pb_column][et_pb_column type=\u00bb1_2&#8243; _builder_version=\u00bb4.12.1&#8243; _module_preset=\u00bbdefault\u00bb global_colors_info=\u00bb{}\u00bb][et_pb_image src=\u00bbhttps:\/\/nachoanadonveterinaris.es\/wp-content\/uploads\/2021\/11\/Anagrama.png\u00bb title_text=\u00bbAnagrama\u00bb align=\u00bbcenter\u00bb disabled_on=\u00bbon|on|off\u00bb _builder_version=\u00bb4.12.1&#8243; _module_preset=\u00bbdefault\u00bb max_width=\u00bb150px\u00bb global_colors_info=\u00bb{}\u00bb][\/et_pb_image][\/et_pb_column][\/et_pb_row][\/et_pb_section][et_pb_section fb_built=\u00bb1&#8243; module_id=\u00bbequip\u00bb _builder_version=\u00bb4.12.1&#8243; _module_preset=\u00bbdefault\u00bb global_colors_info=\u00bb{}\u00bb][et_pb_row column_structure=\u00bb1_3,1_3,1_3&#8243; _builder_version=\u00bb4.12.1&#8243; _module_preset=\u00bbdefault\u00bb max_width=\u00bb810px\u00bb global_colors_info=\u00bb{}\u00bb][et_pb_column type=\u00bb1_3&#8243; _builder_version=\u00bb4.12.1&#8243; _module_preset=\u00bbdefault\u00bb global_colors_info=\u00bb{}\u00bb][et_pb_image src=\u00bbhttps:\/\/nachoanadonveterinaris.es\/wp-content\/uploads\/2021\/11\/NACHO-ANADON-VET-e1636018098477-300&#215;300.jpeg\u00bb title_text=\u00bbNACHO ANADON (VET)\u00bb align=\u00bbcenter\u00bb _builder_version=\u00bb4.12.1&#8243; _module_preset=\u00bbdefault\u00bb border_radii=\u00bbon|30px|30px|30px|30px\u00bb global_colors_info=\u00bb{}\u00bb][\/et_pb_image][et_pb_text _builder_version=\u00bb4.12.1&#8243; _module_preset=\u00bbdefault\u00bb global_colors_info=\u00bb{}\u00bb]<\/p>\n<h2 style=\"text-align: center;\">Nacho Anadon<\/h2>\n<p style=\"text-align: center;\">Veterinario<\/p>\n<p>[\/et_pb_text][\/et_pb_column][et_pb_column type=\u00bb1_3&#8243; _builder_version=\u00bb4.12.1&#8243; _module_preset=\u00bbdefault\u00bb global_colors_info=\u00bb{}\u00bb][et_pb_image src=\u00bbhttps:\/\/nachoanadonveterinaris.es\/wp-content\/uploads\/2021\/11\/FERNANDO-NICOLA\u0301S-VET-EXOTICOS-e1636018183237-300&#215;300.jpeg\u00bb title_text=\u00bbFERNANDO NICOLA\u0301S (VET, EXOTICOS)\u00bb _builder_version=\u00bb4.12.1&#8243; _module_preset=\u00bbdefault\u00bb border_radii=\u00bbon|30px|30px|30px|30px\u00bb global_colors_info=\u00bb{}\u00bb][\/et_pb_image][et_pb_text _builder_version=\u00bb4.12.1&#8243; _module_preset=\u00bbdefault\u00bb global_colors_info=\u00bb{}\u00bb]<\/p>\n<h2 style=\"text-align: center;\">Fernando Nicol\u00e1s<\/h2>\n<p style=\"text-align: center;\">Veterinario ex\u00f3ticos<\/p>\n<p>[\/et_pb_text][\/et_pb_column][et_pb_column type=\u00bb1_3&#8243; _builder_version=\u00bb4.12.1&#8243; _module_preset=\u00bbdefault\u00bb global_colors_info=\u00bb{}\u00bb][et_pb_image src=\u00bbhttps:\/\/nachoanadonveterinaris.es\/wp-content\/uploads\/2021\/11\/LAURA-MUN\u0303OZ-VETERINARIA-e1636018169201-300&#215;300.jpeg\u00bb title_text=\u00bbLAURA MUN\u0303OZ (VETERINARIA)\u00bb _builder_version=\u00bb4.12.1&#8243; _module_preset=\u00bbdefault\u00bb border_radii=\u00bbon|30px|30px|30px|30px\u00bb global_colors_info=\u00bb{}\u00bb][\/et_pb_image][et_pb_text _builder_version=\u00bb4.12.1&#8243; _module_preset=\u00bbdefault\u00bb global_colors_info=\u00bb{}\u00bb]<\/p>\n<h2 style=\"text-align: center;\">Laura Mu\u00f1oz<\/h2>\n<p style=\"text-align: center;\">Veterinaria<\/p>\n<p>[\/et_pb_text][\/et_pb_column][\/et_pb_row][et_pb_row column_structure=\u00bb1_3,1_3,1_3&#8243; _builder_version=\u00bb4.12.1&#8243; _module_preset=\u00bbdefault\u00bb max_width=\u00bb810px\u00bb global_colors_info=\u00bb{}\u00bb][et_pb_column type=\u00bb1_3&#8243; _builder_version=\u00bb4.12.1&#8243; _module_preset=\u00bbdefault\u00bb global_colors_info=\u00bb{}\u00bb][et_pb_image src=\u00bbhttps:\/\/nachoanadonveterinaris.es\/wp-content\/uploads\/2021\/11\/MAR-PARRA-AUXI.VET_-e1636018117871-300&#215;300.jpeg\u00bb title_text=\u00bbMAR PARRA (AUXI.VET)\u00bb align=\u00bbcenter\u00bb _builder_version=\u00bb4.12.1&#8243; _module_preset=\u00bbdefault\u00bb border_radii=\u00bbon|30px|30px|30px|30px\u00bb global_colors_info=\u00bb{}\u00bb][\/et_pb_image][et_pb_text _builder_version=\u00bb4.12.1&#8243; _module_preset=\u00bbdefault\u00bb global_colors_info=\u00bb{}\u00bb]<\/p>\n<h2 style=\"text-align: center;\">Mar Parra<\/h2>\n<p style=\"text-align: center;\">auxiliar de veterinaria<\/p>\n<h2 style=\"text-align: center;\"><\/h2>\n<p>[\/et_pb_text][\/et_pb_column][et_pb_column type=\u00bb1_3&#8243; _builder_version=\u00bb4.12.1&#8243; _module_preset=\u00bbdefault\u00bb global_colors_info=\u00bb{}\u00bb][\/et_pb_column][et_pb_column type=\u00bb1_3&#8243; _builder_version=\u00bb4.12.1&#8243; _module_preset=\u00bbdefault\u00bb global_colors_info=\u00bb{}\u00bb][\/et_pb_column][\/et_pb_row][\/et_pb_section]<\/p>\n","protected":false},"excerpt":{"rendered":"<p>Nacho Anadon VeterinarioFernando Nicol\u00e1s Veterinario ex\u00f3ticosLaura Mu\u00f1oz VeterinariaMar Parra auxiliar de veterinaria<\/p>\n","protected":false},"author":3,"featured_media":0,"parent":0,"menu_order":0,"comment_status":"closed","ping_status":"closed","template":"","meta":{"_et_pb_use_builder":"on","_et_pb_old_content":"","_et_gb_content_width":""},"yoast_head":"<!-- This site is optimized with the Yoast SEO plugin v17.5 - https:\/\/yoast.com\/wordpress\/plugins\/seo\/ -->\n<title>Veterinario Lleida<\/title>\n<meta name=\"description\" content=\"Cl\u00ednica Veterinaria en Lleida. Equipo de veterinarios profesionales, tambi\u00e9n especialistas en animales ex\u00f3ticos.\" \/>\n<meta name=\"robots\" content=\"index, follow, max-snippet:-1, max-image-preview:large, max-video-preview:-1\" \/>\n<link rel=\"canonical\" href=\"https:\/\/nachoanadonveterinaris.es\/es\/equipo\/\" \/>\n<meta property=\"og:locale\" content=\"es_ES\" \/>\n<meta property=\"og:type\" content=\"article\" \/>\n<meta property=\"og:title\" content=\"Veterinario Lleida\" \/>\n<meta property=\"og:description\" content=\"Cl\u00ednica Veterinaria en Lleida. Equipo de veterinarios profesionales, tambi\u00e9n especialistas en animales ex\u00f3ticos.\" \/>\n<meta property=\"og:url\" content=\"https:\/\/nachoanadonveterinaris.es\/es\/equipo\/\" \/>\n<meta property=\"og:site_name\" content=\"Nacho Anadon\" \/>\n<meta property=\"article:modified_time\" content=\"2024-07-01T16:14:44+00:00\" \/>\n<meta name=\"twitter:card\" content=\"summary_large_image\" \/>\n<meta name=\"twitter:label1\" content=\"Tiempo de lectura\" \/>\n\t<meta name=\"twitter:data1\" content=\"3 minutos\" \/>\n<script type=\"application\/ld+json\" class=\"yoast-schema-graph\">{\"@context\":\"https:\/\/schema.org\",\"@graph\":[{\"@type\":\"WebSite\",\"@id\":\"https:\/\/nachoanadonveterinaris.es\/#website\",\"url\":\"https:\/\/nachoanadonveterinaris.es\/\",\"name\":\"Nacho Anadon\",\"description\":\"Veterinaris\",\"potentialAction\":[{\"@type\":\"SearchAction\",\"target\":{\"@type\":\"EntryPoint\",\"urlTemplate\":\"https:\/\/nachoanadonveterinaris.es\/?s={search_term_string}\"},\"query-input\":\"required name=search_term_string\"}],\"inLanguage\":\"es\"},{\"@type\":\"WebPage\",\"@id\":\"https:\/\/nachoanadonveterinaris.es\/es\/equipo\/#webpage\",\"url\":\"https:\/\/nachoanadonveterinaris.es\/es\/equipo\/\",\"name\":\"Veterinario Lleida\",\"isPartOf\":{\"@id\":\"https:\/\/nachoanadonveterinaris.es\/#website\"},\"datePublished\":\"2021-11-18T10:55:54+00:00\",\"dateModified\":\"2024-07-01T16:14:44+00:00\",\"description\":\"Cl\\u00ednica Veterinaria en Lleida. Equipo de veterinarios profesionales, tambi\\u00e9n especialistas en animales ex\\u00f3ticos.\",\"breadcrumb\":{\"@id\":\"https:\/\/nachoanadonveterinaris.es\/es\/equipo\/#breadcrumb\"},\"inLanguage\":\"es\",\"potentialAction\":[{\"@type\":\"ReadAction\",\"target\":[\"https:\/\/nachoanadonveterinaris.es\/es\/equipo\/\"]}]},{\"@type\":\"BreadcrumbList\",\"@id\":\"https:\/\/nachoanadonveterinaris.es\/es\/equipo\/#breadcrumb\",\"itemListElement\":[{\"@type\":\"ListItem\",\"position\":1,\"name\":\"Inici\",\"item\":\"https:\/\/nachoanadonveterinaris.es\/es\/\"},{\"@type\":\"ListItem\",\"position\":2,\"name\":\"Equipo\"}]}]}<\/script>\n<!-- \/ Yoast SEO plugin. -->","yoast_head_json":{"title":"Veterinario Lleida","description":"Cl\u00ednica Veterinaria en Lleida. Equipo de veterinarios profesionales, tambi\u00e9n especialistas en animales ex\u00f3ticos.","robots":{"index":"index","follow":"follow","max-snippet":"max-snippet:-1","max-image-preview":"max-image-preview:large","max-video-preview":"max-video-preview:-1"},"canonical":"https:\/\/nachoanadonveterinaris.es\/es\/equipo\/","og_locale":"es_ES","og_type":"article","og_title":"Veterinario Lleida","og_description":"Cl\u00ednica Veterinaria en Lleida. Equipo de veterinarios profesionales, tambi\u00e9n especialistas en animales ex\u00f3ticos.","og_url":"https:\/\/nachoanadonveterinaris.es\/es\/equipo\/","og_site_name":"Nacho Anadon","article_modified_time":"2024-07-01T16:14:44+00:00","twitter_card":"summary_large_image","twitter_misc":{"Tiempo de lectura":"3 minutos"},"schema":{"@context":"https:\/\/schema.org","@graph":[{"@type":"WebSite","@id":"https:\/\/nachoanadonveterinaris.es\/#website","url":"https:\/\/nachoanadonveterinaris.es\/","name":"Nacho Anadon","description":"Veterinaris","potentialAction":[{"@type":"SearchAction","target":{"@type":"EntryPoint","urlTemplate":"https:\/\/nachoanadonveterinaris.es\/?s={search_term_string}"},"query-input":"required name=search_term_string"}],"inLanguage":"es"},{"@type":"WebPage","@id":"https:\/\/nachoanadonveterinaris.es\/es\/equipo\/#webpage","url":"https:\/\/nachoanadonveterinaris.es\/es\/equipo\/","name":"Veterinario Lleida","isPartOf":{"@id":"https:\/\/nachoanadonveterinaris.es\/#website"},"datePublished":"2021-11-18T10:55:54+00:00","dateModified":"2024-07-01T16:14:44+00:00","description":"Cl\u00ednica Veterinaria en Lleida. Equipo de veterinarios profesionales, tambi\u00e9n especialistas en animales ex\u00f3ticos.","breadcrumb":{"@id":"https:\/\/nachoanadonveterinaris.es\/es\/equipo\/#breadcrumb"},"inLanguage":"es","potentialAction":[{"@type":"ReadAction","target":["https:\/\/nachoanadonveterinaris.es\/es\/equipo\/"]}]},{"@type":"BreadcrumbList","@id":"https:\/\/nachoanadonveterinaris.es\/es\/equipo\/#breadcrumb","itemListElement":[{"@type":"ListItem","position":1,"name":"Inici","item":"https:\/\/nachoanadonveterinaris.es\/es\/"},{"@type":"ListItem","position":2,"name":"Equipo"}]}]}},"_links":{"self":[{"href":"https:\/\/nachoanadonveterinaris.es\/es\/wp-json\/wp\/v2\/pages\/305"}],"collection":[{"href":"https:\/\/nachoanadonveterinaris.es\/es\/wp-json\/wp\/v2\/pages"}],"about":[{"href":"https:\/\/nachoanadonveterinaris.es\/es\/wp-json\/wp\/v2\/types\/page"}],"author":[{"embeddable":true,"href":"https:\/\/nachoanadonveterinaris.es\/es\/wp-json\/wp\/v2\/users\/3"}],"replies":[{"embeddable":true,"href":"https:\/\/nachoanadonveterinaris.es\/es\/wp-json\/wp\/v2\/comments?post=305"}],"version-history":[{"count":8,"href":"https:\/\/nachoanadonveterinaris.es\/es\/wp-json\/wp\/v2\/pages\/305\/revisions"}],"predecessor-version":[{"id":408,"href":"https:\/\/nachoanadonveterinaris.es\/es\/wp-json\/wp\/v2\/pages\/305\/revisions\/408"}],"wp:attachment":[{"href":"https:\/\/nachoanadonveterinaris.es\/es\/wp-json\/wp\/v2\/media?parent=305"}],"curies":[{"name":"wp","href":"https:\/\/api.w.org\/{rel}","templated":true}]}}